{"id":5245,"date":"2024-06-10T11:17:08","date_gmt":"2024-06-10T17:17:08","guid":{"rendered":"https:\/\/miguelito.mx\/wp\/?post_type=product&#038;p=5245"},"modified":"2026-03-25T17:07:51","modified_gmt":"2026-03-25T23:07:51","slug":"pantalon-algodon-nina-mod-1","status":"publish","type":"product","link":"https:\/\/miguelito.mx\/en\/product\/pantalon-algodon-nina-mod-1\/","title":{"rendered":"Pantal\u00f3n algod\u00f3n ni\u00f1a, Mod. 1"},"content":{"rendered":"<p>Pantal\u00f3n Modelo 1 de algod\u00f3n grueso. Un poco acampanado. Mod. PTLA742<\/p>","protected":false},"excerpt":{"rendered":"<p>Pantal\u00f3n Modelo 1 de algod\u00f3n grueso. Un poco acampanado. Mod. PTLA742<\/p>","protected":false},"featured_media":16903,"comment_status":"open","ping_status":"closed","template":"","meta":{"site-sidebar-layout":"default","site-content-layout":"","ast-site-content-layout":"default","site-content-style":"default","site-sidebar-style":"default","ast-global-header-display":"","ast-banner-title-visibility":"","ast-main-header-display":"","ast-hfb-above-header-display":"","ast-hfb-below-header-display":"","ast-hfb-mobile-header-display":"","site-post-title":"","ast-breadcrumbs-content":"","ast-featured-img":"","footer-sml-layout":"","ast-disable-related-posts":"","theme-transparent-header-meta":"default","adv-header-id-meta":"","stick-header-meta":"","header-above-stick-meta":"","header-main-stick-meta":"","header-below-stick-meta":"","astra-migrate-meta-layouts":"set","ast-page-background-enabled":"default","ast-page-background-meta":{"desktop":{"background-color":"var(--ast-global-color-4)","background-image":"","background-repeat":"repeat","background-position":"center center","background-size":"auto","background-attachment":"scroll","background-type":"","background-media":"","overlay-type":"","overlay-color":"","overlay-opacity":"","overlay-gradient":""},"tablet":{"background-color":"","background-image":"","background-repeat":"repeat","background-position":"center center","background-size":"auto","background-attachment":"scroll","background-type":"","background-media":"","overlay-type":"","overlay-color":"","overlay-opacity":"","overlay-gradient":""},"mobile":{"background-color":"","background-image":"","background-repeat":"repeat","background-position":"center center","background-size":"auto","background-attachment":"scroll","background-type":"","background-media":"","overlay-type":"","overlay-color":"","overlay-opacity":"","overlay-gradient":""}},"ast-content-background-meta":{"desktop":{"background-color":"var(--ast-global-color-5)","background-image":"","background-repeat":"repeat","background-position":"center center","background-size":"auto","background-attachment":"scroll","background-type":"","background-media":"","overlay-type":"","overlay-color":"","overlay-opacity":"","overlay-gradient":""},"tablet":{"background-color":"var(--ast-global-color-5)","background-image":"","background-repeat":"repeat","background-position":"center center","background-size":"auto","background-attachment":"scroll","background-type":"","background-media":"","overlay-type":"","overlay-color":"","overlay-opacity":"","overlay-gradient":""},"mobile":{"background-color":"var(--ast-global-color-5)","background-image":"","background-repeat":"repeat","background-position":"center center","background-size":"auto","background-attachment":"scroll","background-type":"","background-media":"","overlay-type":"","overlay-color":"","overlay-opacity":"","overlay-gradient":""}}},"product_brand":[],"product_cat":[42,322,30],"product_tag":[],"giftcard-category":[],"class_list":{"0":"post-5245","1":"product","2":"type-product","3":"status-publish","4":"has-post-thumbnail","6":"product_cat-pantalones","7":"product_cat-ropa-mes-del-tap","8":"product_cat-ropa-y-accesorios","9":"desktop-align-left","10":"tablet-align-left","11":"mobile-align-left","13":"first","14":"instock","15":"shipping-taxable","16":"purchasable","17":"product-type-variable"},"_links":{"self":[{"href":"https:\/\/miguelito.mx\/en\/wp-json\/wp\/v2\/product\/5245","targetHints":{"allow":["GET"]}}],"collection":[{"href":"https:\/\/miguelito.mx\/en\/wp-json\/wp\/v2\/product"}],"about":[{"href":"https:\/\/miguelito.mx\/en\/wp-json\/wp\/v2\/types\/product"}],"replies":[{"embeddable":true,"href":"https:\/\/miguelito.mx\/en\/wp-json\/wp\/v2\/comments?post=5245"}],"wp:featuredmedia":[{"embeddable":true,"href":"https:\/\/miguelito.mx\/en\/wp-json\/wp\/v2\/media\/16903"}],"wp:attachment":[{"href":"https:\/\/miguelito.mx\/en\/wp-json\/wp\/v2\/media?parent=5245"}],"wp:term":[{"taxonomy":"product_brand","embeddable":true,"href":"https:\/\/miguelito.mx\/en\/wp-json\/wp\/v2\/product_brand?post=5245"},{"taxonomy":"product_cat","embeddable":true,"href":"https:\/\/miguelito.mx\/en\/wp-json\/wp\/v2\/product_cat?post=5245"},{"taxonomy":"product_tag","embeddable":true,"href":"https:\/\/miguelito.mx\/en\/wp-json\/wp\/v2\/product_tag?post=5245"},{"taxonomy":"giftcard-category","embeddable":true,"href":"https:\/\/miguelito.mx\/en\/wp-json\/wp\/v2\/giftcard-category?post=5245"}],"curies":[{"name":"wp","href":"https:\/\/api.w.org\/{rel}","templated":true}]}}